{"id":33763,"date":"2026-04-02T10:07:42","date_gmt":"2026-04-02T07:07:42","guid":{"rendered":"https:\/\/www.qhome.com.tr\/?post_type=product&#038;p=33763"},"modified":"2026-04-10T13:26:54","modified_gmt":"2026-04-10T10:26:54","slug":"tiber-armchair-kopya","status":"publish","type":"product","link":"https:\/\/www.qhome.com.tr\/en\/urun\/armchair\/tiber-armchair-kopya\/","title":{"rendered":"Join Armchair"},"content":{"rendered":"\t\t<div data-elementor-type=\"wp-post\" data-elementor-id=\"33763\" class=\"elementor elementor-33763 elementor-33762\">\n\t\t\t\t<div class=\"elementor-element elementor-element-54c2aed e-con-full e-flex e-con e-parent\" data-id=\"54c2aed\" data-element_type=\"container\" data-e-type=\"container\">\n\t\t\t\t<div class=\"elementor-element elementor-element-f9b26e7 elementor-widget elementor-widget-wd_image_or_svg\" data-id=\"f9b26e7\" data-element_type=\"widget\" data-e-type=\"widget\" data-widget_type=\"wd_image_or_svg.default\">\n\t\t\t\t<div class=\"elementor-widget-container\">\n\t\t\t\t\t\n\t\t<div class=\"wd-image text-center\">\n\t\t\t\t\t\t\t\t<img fetchpriority=\"high\" decoding=\"async\" width=\"1708\" height=\"1308\" src=\"https:\/\/www.qhome.com.tr\/wp-content\/uploads\/2025\/02\/20250124_QHOME_Fuar56076--e1753974509597.jpg\" class=\"attachment-full size-full\" alt=\"\" srcset=\"https:\/\/www.qhome.com.tr\/wp-content\/uploads\/2025\/02\/20250124_QHOME_Fuar56076--e1753974509597.jpg 1708w, https:\/\/www.qhome.com.tr\/wp-content\/uploads\/2025\/02\/20250124_QHOME_Fuar56076--e1753974509597-150x115.jpg 150w, https:\/\/www.qhome.com.tr\/wp-content\/uploads\/2025\/02\/20250124_QHOME_Fuar56076--e1753974509597-700x536.jpg 700w\" sizes=\"(max-width: 1708px) 100vw, 1708px\" \/>\t\t\t\t\t<\/div>\n\n\t\t\t\t\t\t<\/div>\n\t\t\t\t<\/div>\n\t\t\t\t<\/div>\n\t\t\t\t<\/div>\n\t\t","protected":false},"excerpt":{"rendered":"<p>Defined by its characteristic oval form, JOIN brings a warm presence to the space through comfort that is seamlessly integrated with refined leather and fabric craftsmanship. Rising on a round leather base, the soft form and back details\u2014together with the JOIN pouf that continues the same design language\u2014support a lounging function<\/p>\n<table style=\"width: 300px; border-collapse: collapse;\" border=\"1\" cellspacing=\"0\" cellpadding=\"8\">\n<tbody>\n<tr>\n<th>\u00d6l\u00e7\u00fcler<\/th>\n<th>De\u011fer<\/th>\n<\/tr>\n<tr>\n<td>Width<\/td>\n<td>77<\/td>\n<\/tr>\n<tr>\n<td>Depth<\/td>\n<td>80<\/td>\n<\/tr>\n<tr>\n<td>Height<\/td>\n<td>65<\/td>\n<\/tr>\n<\/tbody>\n<\/table>\n<p>&nbsp;<\/p>\n","protected":false},"featured_media":34182,"template":"","meta":[],"product_brand":[],"product_cat":[127],"product_tag":[],"class_list":{"0":"post-33763","1":"product","2":"type-product","3":"status-publish","4":"has-post-thumbnail","6":"product_cat-armchair","8":"first","9":"instock","10":"featured","11":"shipping-taxable","12":"product-type-simple"},"_links":{"self":[{"href":"https:\/\/www.qhome.com.tr\/en\/wp-json\/wp\/v2\/product\/33763","targetHints":{"allow":["GET"]}}],"collection":[{"href":"https:\/\/www.qhome.com.tr\/en\/wp-json\/wp\/v2\/product"}],"about":[{"href":"https:\/\/www.qhome.com.tr\/en\/wp-json\/wp\/v2\/types\/product"}],"version-history":[{"count":5,"href":"https:\/\/www.qhome.com.tr\/en\/wp-json\/wp\/v2\/product\/33763\/revisions"}],"predecessor-version":[{"id":34184,"href":"https:\/\/www.qhome.com.tr\/en\/wp-json\/wp\/v2\/product\/33763\/revisions\/34184"}],"wp:featuredmedia":[{"embeddable":true,"href":"https:\/\/www.qhome.com.tr\/en\/wp-json\/wp\/v2\/media\/34182"}],"wp:attachment":[{"href":"https:\/\/www.qhome.com.tr\/en\/wp-json\/wp\/v2\/media?parent=33763"}],"wp:term":[{"taxonomy":"product_brand","embeddable":true,"href":"https:\/\/www.qhome.com.tr\/en\/wp-json\/wp\/v2\/product_brand?post=33763"},{"taxonomy":"product_cat","embeddable":true,"href":"https:\/\/www.qhome.com.tr\/en\/wp-json\/wp\/v2\/product_cat?post=33763"},{"taxonomy":"product_tag","embeddable":true,"href":"https:\/\/www.qhome.com.tr\/en\/wp-json\/wp\/v2\/product_tag?post=33763"}],"curies":[{"name":"wp","href":"https:\/\/api.w.org\/{rel}","templated":true}]}}