{"id":30501,"date":"2025-02-22T00:39:15","date_gmt":"2025-02-21T21:39:15","guid":{"rendered":"https:\/\/www.qhome.com.tr\/urun\/uncategorized\/giorno-coffee-table\/"},"modified":"2025-08-14T15:54:45","modified_gmt":"2025-08-14T12:54:45","slug":"giorno-coffee-table","status":"publish","type":"product","link":"https:\/\/www.qhome.com.tr\/en\/urun\/coffee-table\/orta-sehpa-en\/giorno-coffee-table\/","title":{"rendered":"Giorno Coffee Table"},"content":{"rendered":"\t\t<div data-elementor-type=\"wp-post\" data-elementor-id=\"30501\" class=\"elementor elementor-30501 elementor-28935\">\n\t\t\t\t<div class=\"wd-negative-gap elementor-element elementor-element-2ba647d e-flex e-con-boxed e-con e-parent\" data-id=\"2ba647d\" data-element_type=\"container\" data-e-type=\"container\">\n\t\t\t\t\t<div class=\"e-con-inner\">\n\t\t\t\t<div class=\"elementor-element elementor-element-44c19d7 elementor-widget elementor-widget-wd_image_or_svg\" data-id=\"44c19d7\" data-element_type=\"widget\" data-e-type=\"widget\" data-widget_type=\"wd_image_or_svg.default\">\n\t\t\t\t<div class=\"elementor-widget-container\">\n\t\t\t\t\t\n\t\t<div class=\"wd-image text-center\">\n\t\t\t\t\t\t\t\t<img fetchpriority=\"high\" decoding=\"async\" width=\"768\" height=\"501\" src=\"https:\/\/www.qhome.com.tr\/wp-content\/uploads\/2025\/02\/giorno-e1755165668174-768x501.jpg\" class=\"attachment-medium_large size-medium_large\" alt=\"\" srcset=\"https:\/\/www.qhome.com.tr\/wp-content\/uploads\/2025\/02\/giorno-e1755165668174-768x501.jpg 768w, https:\/\/www.qhome.com.tr\/wp-content\/uploads\/2025\/02\/giorno-e1755165668174-150x98.jpg 150w, https:\/\/www.qhome.com.tr\/wp-content\/uploads\/2025\/02\/giorno-e1755165668174-700x457.jpg 700w, https:\/\/www.qhome.com.tr\/wp-content\/uploads\/2025\/02\/giorno-e1755165668174-400x261.jpg 400w, https:\/\/www.qhome.com.tr\/wp-content\/uploads\/2025\/02\/giorno-e1755165668174-1226x800.jpg 1226w, https:\/\/www.qhome.com.tr\/wp-content\/uploads\/2025\/02\/giorno-e1755165668174-1536x1003.jpg 1536w, https:\/\/www.qhome.com.tr\/wp-content\/uploads\/2025\/02\/giorno-e1755165668174-2048x1337.jpg 2048w\" sizes=\"(max-width: 768px) 100vw, 768px\" \/>\t\t\t\t\t<\/div>\n\n\t\t\t\t\t\t<\/div>\n\t\t\t\t<\/div>\n\t\t\t\t\t<\/div>\n\t\t\t\t<\/div>\n\t\t\t\t<\/div>\n\t\t","protected":false},"excerpt":{"rendered":"<p>Mermer ve cam tablal\u0131 se\u00e7enekleri ile sunulan Giorno, ayn\u0131 zamanda farkl\u0131 \u00f6l\u00e7u\u0308 se\u00e7enekleri ile ya\u015fam alanlar\u0131na zenginlik kat\u0131yor. \u00d6zel fitilli g\u00f6vdesi u\u0308zerinde uygulanan \u00e7e\u015fitli lake renk se\u00e7enekleri ile ve mermerlerle farkl\u0131 kombinasyonlar sunar.<\/p>\n<table style=\"font-size: 14px;\" border=\"1\" cellspacing=\"0\" cellpadding=\"5\">\n<thead>\n<tr>\n<th>Width (cm)<\/th>\n<th>Depth (cm)<\/th>\n<th>Height (cm)<\/th>\n<\/tr>\n<\/thead>\n<tbody>\n<tr>\n<td>120<\/td>\n<td>120<\/td>\n<td>25<\/td>\n<\/tr>\n<tr>\n<td>100<\/td>\n<td>100<\/td>\n<td>33<\/td>\n<\/tr>\n<tr>\n<td>80<\/td>\n<td>80<\/td>\n<td>40<\/td>\n<\/tr>\n<tr>\n<td>56<\/td>\n<td>56<\/td>\n<td>60<\/td>\n<\/tr>\n<\/tbody>\n<\/table>\n","protected":false},"featured_media":28941,"template":"","meta":[],"product_brand":[],"product_cat":[132,134],"product_tag":[],"class_list":{"0":"post-30501","1":"product","2":"type-product","3":"status-publish","4":"has-post-thumbnail","6":"product_cat-coffee-table","7":"product_cat-orta-sehpa-en","9":"first","10":"instock","11":"shipping-taxable","12":"product-type-simple"},"_links":{"self":[{"href":"https:\/\/www.qhome.com.tr\/en\/wp-json\/wp\/v2\/product\/30501","targetHints":{"allow":["GET"]}}],"collection":[{"href":"https:\/\/www.qhome.com.tr\/en\/wp-json\/wp\/v2\/product"}],"about":[{"href":"https:\/\/www.qhome.com.tr\/en\/wp-json\/wp\/v2\/types\/product"}],"version-history":[{"count":7,"href":"https:\/\/www.qhome.com.tr\/en\/wp-json\/wp\/v2\/product\/30501\/revisions"}],"predecessor-version":[{"id":32168,"href":"https:\/\/www.qhome.com.tr\/en\/wp-json\/wp\/v2\/product\/30501\/revisions\/32168"}],"wp:featuredmedia":[{"embeddable":true,"href":"https:\/\/www.qhome.com.tr\/en\/wp-json\/wp\/v2\/media\/28941"}],"wp:attachment":[{"href":"https:\/\/www.qhome.com.tr\/en\/wp-json\/wp\/v2\/media?parent=30501"}],"wp:term":[{"taxonomy":"product_brand","embeddable":true,"href":"https:\/\/www.qhome.com.tr\/en\/wp-json\/wp\/v2\/product_brand?post=30501"},{"taxonomy":"product_cat","embeddable":true,"href":"https:\/\/www.qhome.com.tr\/en\/wp-json\/wp\/v2\/product_cat?post=30501"},{"taxonomy":"product_tag","embeddable":true,"href":"https:\/\/www.qhome.com.tr\/en\/wp-json\/wp\/v2\/product_tag?post=30501"}],"curies":[{"name":"wp","href":"https:\/\/api.w.org\/{rel}","templated":true}]}}